{"id":5707,"date":"2015-02-19T09:48:19","date_gmt":"2015-02-19T09:48:19","guid":{"rendered":"http:\/\/demo2.wpresidence.net\/?page_id=5707"},"modified":"2023-06-07T20:33:24","modified_gmt":"2023-06-08T01:33:24","slug":"contacto","status":"publish","type":"page","link":"https:\/\/carrillopuertoinmuebles.com\/?page_id=5707","title":{"rendered":"Contacto"},"content":{"rendered":"\t\t<div data-elementor-type=\"wp-page\" data-elementor-id=\"5707\" class=\"elementor elementor-5707\">\n\t\t\t\t\t\t<section class=\"elementor-section elementor-top-section elementor-element elementor-element-781af8f7 elementor-section-boxed elementor-section-height-default elementor-section-height-default\" data-id=\"781af8f7\" data-element_type=\"section\" data-e-type=\"section\">\n\t\t\t\t\t\t<div class=\"elementor-container elementor-column-gap-default\">\n\t\t\t\t\t<div class=\"elementor-column elementor-col-100 elementor-top-column elementor-element elementor-element-7eb1af69\" data-id=\"7eb1af69\" data-element_type=\"column\" data-e-type=\"column\">\n\t\t\t<div class=\"elementor-widget-wrap elementor-element-populated\">\n\t\t\t\t\t\t<div class=\"elementor-element elementor-element-dfd2ac8 elementor-widget elementor-widget-text-editor\" data-id=\"dfd2ac8\" data-element_type=\"widget\" data-e-type=\"widget\" data-widget_type=\"text-editor.default\">\n\t\t\t\t<div class=\"elementor-widget-container\">\n\t\t\t\t\t\t\t\t\t<p><\/p>\n<p>Nos hacemos cargo de todo el proceso de compra-venta de casas y terrenos en la pen\u00ednsula de Yucat\u00e1n.<\/p>\n<p>Nuestra labor en la industria inmobiliaria no solo se centra en encontrar las propiedades ideales para clientes ideales sino tambi\u00e9n asesoramos en todo momento, desde el momento de tomar la decisi\u00f3n de comprar o vender hasta las \u00faltimas instancias legales.<\/p>\n<p>\u00a0<\/p>\n<p>\u00a0<\/p>\n<p><\/p>\t\t\t\t\t\t\t\t<\/div>\n\t\t\t\t<\/div>\n\t\t\t\t\t<\/div>\n\t\t<\/div>\n\t\t\t\t\t<\/div>\n\t\t<\/section>\n\t\t\t\t<\/div>\n\t\t","protected":false},"excerpt":{"rendered":"<p>Nos hacemos cargo de todo el proceso de compra-venta de casas y terrenos en la pen\u00ednsula de Yucat\u00e1n. Nuestra labor en la industria inmobiliaria no solo se centra en encontrar las propiedades ideales para clientes ideales sino tambi\u00e9n asesoramos en todo momento, desde el momento de tomar la decisi\u00f3n de comprar o vender hasta las \u00faltimas instancias legales. \u00a0 \u00a0<\/p>\n","protected":false},"author":1,"featured_media":0,"parent":0,"menu_order":0,"comment_status":"open","ping_status":"open","template":"page-templates\/contact_page.php","meta":{"inline_featured_image":false,"footnotes":""},"class_list":["post-5707","page","type-page","status-publish","hentry"],"_links":{"self":[{"href":"https:\/\/carrillopuertoinmuebles.com\/index.php?rest_route=\/wp\/v2\/pages\/5707","targetHints":{"allow":["GET"]}}],"collection":[{"href":"https:\/\/carrillopuertoinmuebles.com\/index.php?rest_route=\/wp\/v2\/pages"}],"about":[{"href":"https:\/\/carrillopuertoinmuebles.com\/index.php?rest_route=\/wp\/v2\/types\/page"}],"author":[{"embeddable":true,"href":"https:\/\/carrillopuertoinmuebles.com\/index.php?rest_route=\/wp\/v2\/users\/1"}],"replies":[{"embeddable":true,"href":"https:\/\/carrillopuertoinmuebles.com\/index.php?rest_route=%2Fwp%2Fv2%2Fcomments&post=5707"}],"version-history":[{"count":4,"href":"https:\/\/carrillopuertoinmuebles.com\/index.php?rest_route=\/wp\/v2\/pages\/5707\/revisions"}],"predecessor-version":[{"id":19329,"href":"https:\/\/carrillopuertoinmuebles.com\/index.php?rest_route=\/wp\/v2\/pages\/5707\/revisions\/19329"}],"wp:attachment":[{"href":"https:\/\/carrillopuertoinmuebles.com\/index.php?rest_route=%2Fwp%2Fv2%2Fmedia&parent=5707"}],"curies":[{"name":"wp","href":"https:\/\/api.w.org\/{rel}","templated":true}]}}